{"id":101,"date":"2023-04-06T05:27:33","date_gmt":"2023-04-06T05:27:33","guid":{"rendered":"https:\/\/themes.esmet.me\/nal\/?page_id=101"},"modified":"2024-12-24T18:42:32","modified_gmt":"2024-12-24T21:42:32","slug":"contact","status":"publish","type":"page","link":"https:\/\/codigodeestilo.com\/en\/contact\/","title":{"rendered":"Contact"},"content":{"rendered":"<h2 data-anim=\"textSplit\">\u201cYour body language, your eyes, your energy will get through to your audience before you start talking.\u201d<\/h2>\n<p><!-- \/.c-fancy-heading--><\/p>\n<h2 data-anim=\"textSplit\">Talk to me<\/h2>\n<p><!-- \/.c-fancy-heading--><br \/>\n\n<div class=\"wpcf7 no-js\" id=\"wpcf7-f118-o1\" lang=\"en-US\" dir=\"ltr\" data-wpcf7-id=\"118\">\n<div class=\"screen-reader-response\"><p role=\"status\" aria-live=\"polite\" aria-atomic=\"true\"><\/p> <ul><\/ul><\/div>\n<form action=\"\/en\/wp-json\/wp\/v2\/pages\/101#wpcf7-f118-o1\" method=\"post\" class=\"wpcf7-form init\" aria-label=\"Contact form\" novalidate=\"novalidate\" data-status=\"init\" data-trp-original-action=\"\/en\/wp-json\/wp\/v2\/pages\/101#wpcf7-f118-o1\">\n<fieldset class=\"hidden-fields-container\"><input type=\"hidden\" name=\"_wpcf7\" value=\"118\" \/><input type=\"hidden\" name=\"_wpcf7_version\" value=\"6.1\" \/><input type=\"hidden\" name=\"_wpcf7_locale\" value=\"en_US\" \/><input type=\"hidden\" name=\"_wpcf7_unit_tag\" value=\"wpcf7-f118-o1\" \/><input type=\"hidden\" name=\"_wpcf7_container_post\" value=\"0\" \/><input type=\"hidden\" name=\"_wpcf7_posted_data_hash\" value=\"\" \/>\n<\/fieldset>\n<div class=\"o-form-row\">\n\t<div class=\"o-form-col\">\n\t\t<p><span class=\"wpcf7-form-control-wrap\" data-name=\"your-name\"><input size=\"40\" maxlength=\"400\" class=\"wpcf7-form-control wpcf7-text wpcf7-validates-as-required\" autocomplete=\"name\" aria-required=\"true\" aria-invalid=\"false\" placeholder=\"Name*\" value=\"\" type=\"text\" name=\"your-name\" \/><\/span><br \/>\n<span class=\"wpcf7-form-control-wrap\" data-name=\"your-email\"><input size=\"40\" maxlength=\"400\" class=\"wpcf7-form-control wpcf7-email wpcf7-validates-as-required wpcf7-text wpcf7-validates-as-email\" autocomplete=\"email\" aria-required=\"true\" aria-invalid=\"false\" placeholder=\"Email*\" value=\"\" type=\"email\" name=\"your-email\" \/><\/span><br \/>\n<span class=\"wpcf7-form-control-wrap\" data-name=\"your-number\"><input size=\"40\" maxlength=\"400\" class=\"wpcf7-form-control wpcf7-tel wpcf7-validates-as-required wpcf7-text wpcf7-validates-as-tel\" aria-required=\"true\" aria-invalid=\"false\" placeholder=\"Whatsapp*\" value=\"\" type=\"tel\" name=\"your-number\" \/><\/span>\n\t\t<\/p>\n\t<\/div>\n\t<div class=\"o-form-col\">\n\t\t<p><span class=\"wpcf7-form-control-wrap\" data-name=\"your-message\"><textarea cols=\"40\" rows=\"10\" maxlength=\"2000\" class=\"wpcf7-form-control wpcf7-textarea wpcf7-validates-as-required\" aria-required=\"true\" aria-invalid=\"false\" placeholder=\"Message*\" name=\"your-message\"><\/textarea><\/span>\n\t\t<\/p>\n\t<\/div>\n\t<div class=\"o-form-col is-last\">\n\t\t<p><button class=\"c-button c-button--circle c-button--large c-button--dark\" data-cursor=\"-blurred\" data-magnetic-button>Send me!<\/button>\n\t\t<\/p>\n\t<\/div>\n<\/div><div class=\"wpcf7-response-output\" aria-hidden=\"true\"><\/div>\n<input type=\"hidden\" name=\"trp-form-language\" value=\"en\"\/><\/form>\n<\/div>\n<\/p>\n<style>\/*! elementor - v3.15.0 - 09-08-2023 *\/<br \/>\n.elementor-heading-title{padding:0;margin:0;line-height:1}.elementor-widget-heading .elementor-heading-title[class*=elementor-size-]>a{color:inherit;font-size:inherit;line-height:inherit}.elementor-widget-heading .elementor-heading-title.elementor-size-small{font-size:15px}.elementor-widget-heading .elementor-heading-title.elementor-size-medium{font-size:19px}.elementor-widget-heading .elementor-heading-title.elementor-size-large{font-size:29px}.elementor-widget-heading .elementor-heading-title.elementor-size-xl{font-size:39px}.elementor-widget-heading .elementor-heading-title.elementor-size-xxl{font-size:59px}<\/style>\n<h4>Where to find me<\/h4>\n<style>\/*! elementor - v3.15.0 - 09-08-2023 *\/<br \/>\n.elementor-column .elementor-spacer-inner{height:var(--spacer-size)}.e-con{--container-widget-width:100%}.e-con-inner>.elementor-widget-spacer,.e-con>.elementor-widget-spacer{width:var(--container-widget-width,var(--spacer-size));--align-self:var(--container-widget-align-self,initial);--flex-shrink:0}.e-con-inner>.elementor-widget-spacer>.elementor-widget-container,.e-con-inner>.elementor-widget-spacer>.elementor-widget-container>.elementor-spacer,.e-con>.elementor-widget-spacer>.elementor-widget-container,.e-con>.elementor-widget-spacer>.elementor-widget-container>.elementor-spacer{height:100%}.e-con-inner>.elementor-widget-spacer>.elementor-widget-container>.elementor-spacer>.elementor-spacer-inner,.e-con>.elementor-widget-spacer>.elementor-widget-container>.elementor-spacer>.elementor-spacer-inner{height:var(--container-widget-height,var(--spacer-size))}<\/style>\n<p><a href=\"#\">\u00a0<\/a><\/p>\n<h2 data-anim=\"textSplit\">Brazil<\/h2>\n<p><!-- \/.c-fancy-heading--><\/p>\n<p>Fortaleza \/ CE<br \/>\n+55 85 99679-1118<\/p>\n<p><a href=\"#\">\u00a0<\/a><\/p>","protected":false},"excerpt":{"rendered":"<p>\u201cSua linguagem corporal, seus olhos, sua energia chegar\u00e3o at\u00e9 seu p\u00fablico antes de voc\u00ea come\u00e7ar a falar.\u201d Fale Comigo Aonde me encontrar \u00a0 Brasil Fortaleza \/ CE +55 85 99679-1118 \u00a0<\/p>","protected":false},"author":1,"featured_media":0,"parent":0,"menu_order":0,"comment_status":"closed","ping_status":"closed","template":"","meta":{"inline_featured_image":false,"_mi_skip_tracking":false,"_monsterinsights_sitenote_active":false,"_monsterinsights_sitenote_note":"","_monsterinsights_sitenote_category":0,"footnotes":""},"class_list":["post-101","page","type-page","status-publish","hentry"],"aioseo_notices":[],"_links":{"self":[{"href":"https:\/\/codigodeestilo.com\/en\/wp-json\/wp\/v2\/pages\/101","targetHints":{"allow":["GET"]}}],"collection":[{"href":"https:\/\/codigodeestilo.com\/en\/wp-json\/wp\/v2\/pages"}],"about":[{"href":"https:\/\/codigodeestilo.com\/en\/wp-json\/wp\/v2\/types\/page"}],"author":[{"embeddable":true,"href":"https:\/\/codigodeestilo.com\/en\/wp-json\/wp\/v2\/users\/1"}],"replies":[{"embeddable":true,"href":"https:\/\/codigodeestilo.com\/en\/wp-json\/wp\/v2\/comments?post=101"}],"version-history":[{"count":3,"href":"https:\/\/codigodeestilo.com\/en\/wp-json\/wp\/v2\/pages\/101\/revisions"}],"predecessor-version":[{"id":2006,"href":"https:\/\/codigodeestilo.com\/en\/wp-json\/wp\/v2\/pages\/101\/revisions\/2006"}],"wp:attachment":[{"href":"https:\/\/codigodeestilo.com\/en\/wp-json\/wp\/v2\/media?parent=101"}],"curies":[{"name":"wp","href":"https:\/\/api.w.org\/{rel}","templated":true}]}}